{"id":2900,"date":"2026-04-06T14:39:45","date_gmt":"2026-04-06T12:39:45","guid":{"rendered":"https:\/\/www.ecohabitat.corsica\/devnewsite2\/?page_id=2900"},"modified":"2026-04-06T14:42:04","modified_gmt":"2026-04-06T12:42:04","slug":"mentions-legales","status":"publish","type":"page","link":"https:\/\/www.ecohabitat.corsica\/devnewsite2\/mentions-legales\/","title":{"rendered":"Mentions l\u00e9gales"},"content":{"rendered":"\t\t<div data-elementor-type=\"wp-page\" data-elementor-id=\"2900\" class=\"elementor elementor-2900\" data-elementor-post-type=\"page\">\n\t\t\t\t<div class=\"elementor-element elementor-element-666234f e-flex e-con-boxed e-con e-parent\" data-id=\"666234f\" data-element_type=\"container\" data-e-type=\"container\">\n\t\t\t\t\t<div class=\"e-con-inner\">\n\t\t<div class=\"elementor-element elementor-element-9969540 e-flex e-con-boxed e-con e-child\" data-id=\"9969540\" data-element_type=\"container\" data-e-type=\"container\">\n\t\t\t\t\t<div class=\"e-con-inner\">\n\t\t<div class=\"elementor-element elementor-element-ad746c6 e-con-full e-flex e-con e-child\" data-id=\"ad746c6\" data-element_type=\"container\" data-e-type=\"container\">\n\t\t<div class=\"elementor-element elementor-element-81f320e e-con-full e-flex e-con e-child\" data-id=\"81f320e\" data-element_type=\"container\" data-e-type=\"container\">\n\t\t\t\t<div class=\"elementor-element elementor-element-dea4476 elementor-widget elementor-widget-heading\" data-id=\"dea4476\" data-element_type=\"widget\" data-e-type=\"widget\" data-widget_type=\"heading.default\">\n\t\t\t\t\t<h1 class=\"elementor-heading-title elementor-size-default\">Mentions l\u00e9gales<\/h1>\t\t\t\t<\/div>\n\t\t\t\t<div class=\"elementor-element elementor-element-f4152fb elementor-widget elementor-widget-text-editor\" data-id=\"f4152fb\" data-element_type=\"widget\" data-e-type=\"widget\" data-widget_type=\"text-editor.default\">\n\t\t\t\t\t\t\t\t\t<p data-start=\"366\" data-end=\"397\">Le pr\u00e9sent site est \u00e9dit\u00e9 par :<\/p><p data-start=\"399\" data-end=\"464\"><strong data-start=\"399\" data-end=\"413\">EcoHabitat<\/strong><br data-start=\"413\" data-end=\"416\" \/>Entreprise sp\u00e9cialis\u00e9e en r\u00e9novation \u00e9nerg\u00e9tique<\/p><p data-start=\"466\" data-end=\"513\">Si\u00e8ge social :<br data-start=\"480\" data-end=\"483\" \/>LD CEPPE 20620 BIGUGLIALD CEPPE 20620 BIGUGLIA<\/p><p data-start=\"515\" data-end=\"549\">T\u00e9l\u00e9phone :<br data-start=\"526\" data-end=\"529\" \/><a href=\"tel:049603066\">04 95 60 30 66<\/a><\/p><p data-start=\"551\" data-end=\"587\">Email :<br data-start=\"558\" data-end=\"561\" \/><a class=\"decorated-link cursor-pointer\" href=\"mailto:contact@ecohabitat.corsica\" rel=\"noopener\" data-start=\"561\" data-end=\"587\">contact@ecohabitat.corsica<\/a><\/p><p data-start=\"589\" data-end=\"625\">SIRET :<br data-start=\"596\" data-end=\"599\" \/>53305449000032<\/p><p data-start=\"627\" data-end=\"671\">Responsable de la publication :<br data-start=\"658\" data-end=\"661\" \/>EcoHabitat<br \/><br \/><\/p><h3 data-section-id=\"9nckyj\" data-start=\"678\" data-end=\"700\">H\u00e9bergement du site<\/h3><p data-start=\"702\" data-end=\"727\">Le site est h\u00e9berg\u00e9 par :<\/p><p data-start=\"729\" data-end=\"785\"><strong data-start=\"729\" data-end=\"741\">OVHcloud<\/strong><br data-start=\"741\" data-end=\"744\" \/>2 rue Kellermann<br data-start=\"760\" data-end=\"763\" \/>59100 Roubaix<br data-start=\"776\" data-end=\"779\" \/>France<\/p><p data-start=\"787\" data-end=\"837\">T\u00e9l\u00e9phone : 1007<br data-start=\"803\" data-end=\"806\" \/>Site : <a class=\"decorated-link\" href=\"https:\/\/www.ovhcloud.com\" target=\"_new\" rel=\"noopener\" data-start=\"813\" data-end=\"837\">https:\/\/www.ovhcloud.com<\/a><br \/><br \/><\/p><h3 data-section-id=\"1470n9i\" data-start=\"844\" data-end=\"871\">Propri\u00e9t\u00e9 intellectuelle<\/h3><p data-start=\"873\" data-end=\"1026\">L\u2019ensemble du contenu pr\u00e9sent sur ce site (textes, images, graphismes, logo, structure) est la propri\u00e9t\u00e9 exclusive d\u2019EcoHabitat sauf mentions contraires.<\/p><p data-start=\"1028\" data-end=\"1157\">Toute reproduction, repr\u00e9sentation, modification ou exploitation, totale ou partielle, sans autorisation pr\u00e9alable est interdite.<br \/><br \/><\/p><h3 data-section-id=\"pziwhd\" data-start=\"1164\" data-end=\"1181\">Responsabilit\u00e9<\/h3><p data-start=\"1183\" data-end=\"1342\">EcoHabitat s\u2019efforce d\u2019assurer l\u2019exactitude des informations diffus\u00e9es sur ce site. Toutefois, certaines informations peuvent \u00eatre incompl\u00e8tes ou mises \u00e0 jour.<\/p><p data-start=\"1344\" data-end=\"1427\">L\u2019utilisateur reconna\u00eet utiliser ces informations sous sa responsabilit\u00e9 exclusive.<br \/><br \/><\/p><h3 data-section-id=\"mt94ny\" data-start=\"1434\" data-end=\"1451\">Liens externes<\/h3><p data-start=\"1453\" data-end=\"1575\">Le site peut contenir des liens vers des sites externes. EcoHabitat ne peut \u00eatre tenu responsable du contenu de ces sites.<\/p>\t\t\t\t\t\t\t\t<\/div>\n\t\t\t\t<\/div>\n\t\t<div class=\"elementor-element elementor-element-2d3659d e-con-full e-flex e-con e-child\" data-id=\"2d3659d\" data-element_type=\"container\" data-e-type=\"container\">\n\t\t\t\t<\/div>\n\t\t\t\t<\/div>\n\t\t\t\t\t<\/div>\n\t\t\t\t<\/div>\n\t\t\t\t\t<\/div>\n\t\t\t\t<\/div>\n\t\t\t\t<\/div>\n\t\t","protected":false},"excerpt":{"rendered":"<p>Mentions l\u00e9gales Le pr\u00e9sent site est \u00e9dit\u00e9 par : EcoHabitatEntreprise sp\u00e9cialis\u00e9e en r\u00e9novation \u00e9nerg\u00e9tique Si\u00e8ge social :LD CEPPE 20620 BIGUGLIALD CEPPE 20620 BIGUGLIA T\u00e9l\u00e9phone :04 95 60 30 66 Email :contact@ecohabitat.corsica SIRET :53305449000032 Responsable de la publication :EcoHabitat H\u00e9bergement du site Le site est h\u00e9berg\u00e9 par : OVHcloud2 rue Kellermann59100 RoubaixFrance T\u00e9l\u00e9phone : 1007Site : [&hellip;]<\/p>\n","protected":false},"author":2,"featured_media":0,"parent":0,"menu_order":0,"comment_status":"closed","ping_status":"closed","template":"elementor_canvas","meta":{"content-type":"","footnotes":""},"class_list":["post-2900","page","type-page","status-publish","hentry"],"aioseo_notices":[],"_links":{"self":[{"href":"https:\/\/www.ecohabitat.corsica\/devnewsite2\/wp-json\/wp\/v2\/pages\/2900","targetHints":{"allow":["GET"]}}],"collection":[{"href":"https:\/\/www.ecohabitat.corsica\/devnewsite2\/wp-json\/wp\/v2\/pages"}],"about":[{"href":"https:\/\/www.ecohabitat.corsica\/devnewsite2\/wp-json\/wp\/v2\/types\/page"}],"author":[{"embeddable":true,"href":"https:\/\/www.ecohabitat.corsica\/devnewsite2\/wp-json\/wp\/v2\/users\/2"}],"replies":[{"embeddable":true,"href":"https:\/\/www.ecohabitat.corsica\/devnewsite2\/wp-json\/wp\/v2\/comments?post=2900"}],"version-history":[{"count":4,"href":"https:\/\/www.ecohabitat.corsica\/devnewsite2\/wp-json\/wp\/v2\/pages\/2900\/revisions"}],"predecessor-version":[{"id":2904,"href":"https:\/\/www.ecohabitat.corsica\/devnewsite2\/wp-json\/wp\/v2\/pages\/2900\/revisions\/2904"}],"wp:attachment":[{"href":"https:\/\/www.ecohabitat.corsica\/devnewsite2\/wp-json\/wp\/v2\/media?parent=2900"}],"curies":[{"name":"wp","href":"https:\/\/api.w.org\/{rel}","templated":true}]}}